{"id":18,"date":"2025-08-13T14:31:17","date_gmt":"2025-08-13T14:31:17","guid":{"rendered":"https:\/\/ipartabernie.rkinformatika.online\/?page_id=18"},"modified":"2025-10-10T08:42:08","modified_gmt":"2025-10-10T08:42:08","slug":"inicio","status":"publish","type":"page","link":"https:\/\/ipartabernie.com\/eu\/","title":{"rendered":"Hasiera"},"content":{"rendered":"\t\t<div data-elementor-type=\"wp-page\" data-elementor-id=\"18\" class=\"elementor elementor-18\" data-elementor-post-type=\"page\">\n\t\t\t\t<div class=\"elementor-element elementor-element-3e815ec e-con-full e-flex e-con e-parent\" data-id=\"3e815ec\" data-element_type=\"container\" data-e-type=\"container\" data-settings=\"{&quot;background_background&quot;:&quot;classic&quot;,&quot;background_motion_fx_motion_fx_scrolling&quot;:&quot;yes&quot;,&quot;background_motion_fx_devices&quot;:[&quot;desktop&quot;,&quot;tablet&quot;,&quot;mobile&quot;]}\">\n\t\t\t\t<div class=\"elementor-element elementor-element-faf934f elementor-invisible elementor-widget elementor-widget-heading\" data-id=\"faf934f\" data-element_type=\"widget\" data-e-type=\"widget\" data-settings=\"{&quot;_animation&quot;:&quot;fadeInDown&quot;}\" data-widget_type=\"heading.default\">\n\t\t\t\t\t<h2 class=\"elementor-heading-title elementor-size-default\">Ipar Tabernie <\/h2>\t\t\t\t<\/div>\n\t\t\t\t<\/div>\n\t\t<div class=\"elementor-element elementor-element-f861081 e-flex e-con-boxed e-con e-parent\" data-id=\"f861081\" data-element_type=\"container\" data-e-type=\"container\" data-settings=\"{&quot;background_background&quot;:&quot;classic&quot;}\">\n\t\t\t\t\t<div class=\"e-con-inner\">\n\t\t<div class=\"elementor-element elementor-element-f8957ef e-con-full e-flex elementor-invisible e-con e-child\" data-id=\"f8957ef\" data-element_type=\"container\" data-e-type=\"container\" data-settings=\"{&quot;animation&quot;:&quot;fadeInLeft&quot;}\">\n\t\t\t\t<div class=\"elementor-element elementor-element-6b74eed elementor-widget elementor-widget-image\" data-id=\"6b74eed\" data-element_type=\"widget\" data-e-type=\"widget\" data-widget_type=\"image.default\">\n\t\t\t\t\t\t\t\t\t\t\t\t\t\t\t<img fetchpriority=\"high\" decoding=\"async\" width=\"742\" height=\"488\" src=\"https:\/\/ipartabernie.com\/wp-content\/uploads\/2025\/08\/Captura-desde-2025-08-14-09-42-19.png\" class=\"attachment-large size-large wp-image-113\" alt=\"\" srcset=\"https:\/\/ipartabernie.com\/wp-content\/uploads\/2025\/08\/Captura-desde-2025-08-14-09-42-19.png 742w, https:\/\/ipartabernie.com\/wp-content\/uploads\/2025\/08\/Captura-desde-2025-08-14-09-42-19-300x197.png 300w, https:\/\/ipartabernie.com\/wp-content\/uploads\/2025\/08\/Captura-desde-2025-08-14-09-42-19-18x12.png 18w\" sizes=\"(max-width: 742px) 100vw, 742px\" \/>\t\t\t\t\t\t\t\t\t\t\t\t\t\t\t<\/div>\n\t\t\t\t<\/div>\n\t\t<div class=\"elementor-element elementor-element-9878481 e-con-full e-flex e-con e-child\" data-id=\"9878481\" data-element_type=\"container\" data-e-type=\"container\">\n\t\t\t\t<div class=\"elementor-element elementor-element-1dbf47d elementor-widget elementor-widget-heading\" data-id=\"1dbf47d\" data-element_type=\"widget\" data-e-type=\"widget\" data-widget_type=\"heading.default\">\n\t\t\t\t\t<h2 class=\"elementor-heading-title elementor-size-default\">Sobre Nosotros<\/h2>\t\t\t\t<\/div>\n\t\t\t\t<div class=\"elementor-element elementor-element-0826671 elementor-widget elementor-widget-text-editor\" data-id=\"0826671\" data-element_type=\"widget\" data-e-type=\"widget\" data-widget_type=\"text-editor.default\">\n\t\t\t\t\t\t\t\t\t<p data-start=\"111\" data-end=\"319\">En Ipar Tabernie, trabajamos cada d\u00eda con una meta clara: ofrecer la mejor experiencia de hosteler\u00eda posible, cuidando cada detalle para que nuestros clientes siempre se sientan contentos y satisfechos.<\/p><p data-start=\"321\" data-end=\"568\">Nuestra historia nace de un sue\u00f1o: poner al alcance de todos un buen producto, de calidad, a un precio justo y competitivo. Creemos que disfrutar de la buena comida y la buena compa\u00f1\u00eda no deber\u00eda ser un lujo, sino un placer accesible para todos.<\/p><p data-start=\"570\" data-end=\"800\">En nuestra carta encontrar\u00e1s una amplia variedad de bebidas y propuestas gastron\u00f3micas para todos los gustos: hamburguesas, bocatas, s\u00e1ndwiches y diferentes tipos de raciones, pensadas para compartir o disfrutar individualmente.<\/p>\t\t\t\t\t\t\t\t<\/div>\n\t\t\t\t<\/div>\n\t\t\t\t\t<\/div>\n\t\t\t\t<\/div>\n\t\t<div class=\"elementor-element elementor-element-f4f08e1 e-flex e-con-boxed e-con e-parent\" data-id=\"f4f08e1\" data-element_type=\"container\" data-e-type=\"container\" data-settings=\"{&quot;background_background&quot;:&quot;classic&quot;}\">\n\t\t\t\t\t<div class=\"e-con-inner\">\n\t\t\t\t<div class=\"elementor-element elementor-element-acb575d elementor-invisible elementor-widget elementor-widget-heading\" data-id=\"acb575d\" data-element_type=\"widget\" data-e-type=\"widget\" data-settings=\"{&quot;_animation&quot;:&quot;fadeInDown&quot;,&quot;motion_fx_motion_fx_scrolling&quot;:&quot;yes&quot;,&quot;motion_fx_opacity_effect&quot;:&quot;yes&quot;,&quot;motion_fx_opacity_direction&quot;:&quot;out-in-out&quot;,&quot;motion_fx_opacity_range&quot;:{&quot;unit&quot;:&quot;%&quot;,&quot;size&quot;:&quot;&quot;,&quot;sizes&quot;:{&quot;start&quot;:37,&quot;end&quot;:100}},&quot;motion_fx_opacity_level&quot;:{&quot;unit&quot;:&quot;px&quot;,&quot;size&quot;:10,&quot;sizes&quot;:[]},&quot;motion_fx_devices&quot;:[&quot;desktop&quot;,&quot;tablet&quot;,&quot;mobile&quot;]}\" data-widget_type=\"heading.default\">\n\t\t\t\t\t<h2 class=\"elementor-heading-title elementor-size-default\">P\u00e1sate por Ipar Tabernie y si\u00e9ntete como en casa<\/h2>\t\t\t\t<\/div>\n\t\t\t\t<div class=\"elementor-element elementor-element-2bc128e elementor-invisible elementor-widget elementor-widget-text-editor\" data-id=\"2bc128e\" data-element_type=\"widget\" data-e-type=\"widget\" data-settings=\"{&quot;_animation&quot;:&quot;fadeInUp&quot;,&quot;motion_fx_motion_fx_scrolling&quot;:&quot;yes&quot;,&quot;motion_fx_opacity_effect&quot;:&quot;yes&quot;,&quot;motion_fx_opacity_direction&quot;:&quot;out-in-out&quot;,&quot;motion_fx_opacity_range&quot;:{&quot;unit&quot;:&quot;%&quot;,&quot;size&quot;:&quot;&quot;,&quot;sizes&quot;:{&quot;start&quot;:37,&quot;end&quot;:100}},&quot;motion_fx_opacity_level&quot;:{&quot;unit&quot;:&quot;px&quot;,&quot;size&quot;:10,&quot;sizes&quot;:[]},&quot;motion_fx_devices&quot;:[&quot;desktop&quot;,&quot;tablet&quot;,&quot;mobile&quot;]}\" data-widget_type=\"text-editor.default\">\n\t\t\t\t\t\t\t\t\t<p data-start=\"540\" data-end=\"715\">Descubre por qu\u00e9 nuestros clientes siempre vuelven<\/p>\t\t\t\t\t\t\t\t<\/div>\n\t\t\t\t<div class=\"elementor-element elementor-element-11e0312 elementor-tablet-align-center animated-slow elementor-invisible elementor-widget elementor-widget-button\" data-id=\"11e0312\" data-element_type=\"widget\" data-e-type=\"widget\" data-settings=\"{&quot;_animation&quot;:&quot;fadeInUp&quot;,&quot;_animation_tablet&quot;:&quot;fadeInUp&quot;,&quot;_animation_mobile&quot;:&quot;fadeInUp&quot;}\" data-widget_type=\"button.default\">\n\t\t\t\t\t\t\t\t\t\t<a class=\"elementor-button elementor-button-link elementor-size-sm\" href=\"https:\/\/ipartabernie.com\/productos\/\">\n\t\t\t\t\t\t<span class=\"elementor-button-content-wrapper\">\n\t\t\t\t\t\t\t\t\t<span class=\"elementor-button-text\">Productos<\/span>\n\t\t\t\t\t<\/span>\n\t\t\t\t\t<\/a>\n\t\t\t\t\t\t\t\t<\/div>\n\t\t\t\t\t<\/div>\n\t\t\t\t<\/div>\n\t\t\t\t<\/div>\n\t\t","protected":false},"excerpt":{"rendered":"<p>Ipar Tabernie Sobre Nosotros En Ipar Tabernie, trabajamos cada d\u00eda con una meta clara: ofrecer la mejor experiencia de hosteler\u00eda posible, cuidando cada detalle para que nuestros clientes siempre se sientan contentos y satisfechos. Nuestra historia nace de un sue\u00f1o: poner al alcance de todos un buen producto, de calidad, a un precio justo y [&hellip;]<\/p>\n","protected":false},"author":1,"featured_media":0,"parent":0,"menu_order":0,"comment_status":"closed","ping_status":"closed","template":"elementor_canvas","meta":{"footnotes":""},"class_list":["post-18","page","type-page","status-publish","hentry"],"yoast_head":"<!-- This site is optimized with the Yoast SEO plugin v27.3 - https:\/\/yoast.com\/product\/yoast-seo-wordpress\/ -->\n<title>Inicio - Ipar Tabernie<\/title>\n<meta name=\"robots\" content=\"index, follow, max-snippet:-1, max-image-preview:large, max-video-preview:-1\" \/>\n<link rel=\"canonical\" href=\"https:\/\/ipartabernie.com\/eu\/\" \/>\n<meta property=\"og:locale\" content=\"en_US\" \/>\n<meta property=\"og:type\" content=\"article\" \/>\n<meta property=\"og:title\" content=\"Inicio - Ipar Tabernie\" \/>\n<meta property=\"og:description\" content=\"Ipar Tabernie Sobre Nosotros En Ipar Tabernie, trabajamos cada d\u00eda con una meta clara: ofrecer la mejor experiencia de hosteler\u00eda posible, cuidando cada detalle para que nuestros clientes siempre se sientan contentos y satisfechos. Nuestra historia nace de un sue\u00f1o: poner al alcance de todos un buen producto, de calidad, a un precio justo y [&hellip;]\" \/>\n<meta property=\"og:url\" content=\"https:\/\/ipartabernie.com\/eu\/\" \/>\n<meta property=\"og:site_name\" content=\"Ipar Tabernie\" \/>\n<meta property=\"article:modified_time\" content=\"2025-10-10T08:42:08+00:00\" \/>\n<meta property=\"og:image\" content=\"https:\/\/ipartabernie.com\/wp-content\/uploads\/2025\/08\/Captura-desde-2025-08-14-09-42-19.png\" \/>\n\t<meta property=\"og:image:width\" content=\"742\" \/>\n\t<meta property=\"og:image:height\" content=\"488\" \/>\n\t<meta property=\"og:image:type\" content=\"image\/png\" \/>\n<meta name=\"twitter:card\" content=\"summary_large_image\" \/>\n<meta name=\"twitter:label1\" content=\"Est. reading time\" \/>\n\t<meta name=\"twitter:data1\" content=\"1 minutua\" \/>\n<script type=\"application\/ld+json\" class=\"yoast-schema-graph\">{\"@context\":\"https:\\\/\\\/schema.org\",\"@graph\":[{\"@type\":\"WebPage\",\"@id\":\"https:\\\/\\\/ipartabernie.com\\\/\",\"url\":\"https:\\\/\\\/ipartabernie.com\\\/\",\"name\":\"Inicio - Ipar Tabernie\",\"isPartOf\":{\"@id\":\"https:\\\/\\\/ipartabernie.com\\\/#website\"},\"primaryImageOfPage\":{\"@id\":\"https:\\\/\\\/ipartabernie.com\\\/#primaryimage\"},\"image\":{\"@id\":\"https:\\\/\\\/ipartabernie.com\\\/#primaryimage\"},\"thumbnailUrl\":\"https:\\\/\\\/ipartabernie.com\\\/wp-content\\\/uploads\\\/2025\\\/08\\\/Captura-desde-2025-08-14-09-42-19.png\",\"datePublished\":\"2025-08-13T14:31:17+00:00\",\"dateModified\":\"2025-10-10T08:42:08+00:00\",\"breadcrumb\":{\"@id\":\"https:\\\/\\\/ipartabernie.com\\\/#breadcrumb\"},\"inLanguage\":\"eu\",\"potentialAction\":[{\"@type\":\"ReadAction\",\"target\":[\"https:\\\/\\\/ipartabernie.com\\\/\"]}]},{\"@type\":\"ImageObject\",\"inLanguage\":\"eu\",\"@id\":\"https:\\\/\\\/ipartabernie.com\\\/#primaryimage\",\"url\":\"https:\\\/\\\/ipartabernie.com\\\/wp-content\\\/uploads\\\/2025\\\/08\\\/Captura-desde-2025-08-14-09-42-19.png\",\"contentUrl\":\"https:\\\/\\\/ipartabernie.com\\\/wp-content\\\/uploads\\\/2025\\\/08\\\/Captura-desde-2025-08-14-09-42-19.png\"},{\"@type\":\"BreadcrumbList\",\"@id\":\"https:\\\/\\\/ipartabernie.com\\\/#breadcrumb\",\"itemListElement\":[{\"@type\":\"ListItem\",\"position\":1,\"name\":\"Portada\",\"item\":\"https:\\\/\\\/ipartabernie.com\\\/\"},{\"@type\":\"ListItem\",\"position\":2,\"name\":\"Inicio\"}]},{\"@type\":\"WebSite\",\"@id\":\"https:\\\/\\\/ipartabernie.com\\\/#website\",\"url\":\"https:\\\/\\\/ipartabernie.com\\\/\",\"name\":\"Ipar Tabernie\",\"description\":\"Una gama diversa de bebidas y de comidas\",\"publisher\":{\"@id\":\"https:\\\/\\\/ipartabernie.com\\\/#organization\"},\"potentialAction\":[{\"@type\":\"SearchAction\",\"target\":{\"@type\":\"EntryPoint\",\"urlTemplate\":\"https:\\\/\\\/ipartabernie.com\\\/?s={search_term_string}\"},\"query-input\":{\"@type\":\"PropertyValueSpecification\",\"valueRequired\":true,\"valueName\":\"search_term_string\"}}],\"inLanguage\":\"eu\"},{\"@type\":\"Organization\",\"@id\":\"https:\\\/\\\/ipartabernie.com\\\/#organization\",\"name\":\"Ipar Tabernie\",\"url\":\"https:\\\/\\\/ipartabernie.com\\\/\",\"logo\":{\"@type\":\"ImageObject\",\"inLanguage\":\"eu\",\"@id\":\"https:\\\/\\\/ipartabernie.com\\\/#\\\/schema\\\/logo\\\/image\\\/\",\"url\":\"https:\\\/\\\/ipartabernie.com\\\/wp-content\\\/uploads\\\/2025\\\/08\\\/cropped-Logo-Final-02-scaled-1.png\",\"contentUrl\":\"https:\\\/\\\/ipartabernie.com\\\/wp-content\\\/uploads\\\/2025\\\/08\\\/cropped-Logo-Final-02-scaled-1.png\",\"width\":2558,\"height\":1401,\"caption\":\"Ipar Tabernie\"},\"image\":{\"@id\":\"https:\\\/\\\/ipartabernie.com\\\/#\\\/schema\\\/logo\\\/image\\\/\"}}]}<\/script>\n<!-- \/ Yoast SEO plugin. -->","yoast_head_json":{"title":"Inicio - Ipar Tabernie","robots":{"index":"index","follow":"follow","max-snippet":"max-snippet:-1","max-image-preview":"max-image-preview:large","max-video-preview":"max-video-preview:-1"},"canonical":"https:\/\/ipartabernie.com\/eu\/","og_locale":"en_US","og_type":"article","og_title":"Inicio - Ipar Tabernie","og_description":"Ipar Tabernie Sobre Nosotros En Ipar Tabernie, trabajamos cada d\u00eda con una meta clara: ofrecer la mejor experiencia de hosteler\u00eda posible, cuidando cada detalle para que nuestros clientes siempre se sientan contentos y satisfechos. Nuestra historia nace de un sue\u00f1o: poner al alcance de todos un buen producto, de calidad, a un precio justo y [&hellip;]","og_url":"https:\/\/ipartabernie.com\/eu\/","og_site_name":"Ipar Tabernie","article_modified_time":"2025-10-10T08:42:08+00:00","og_image":[{"width":742,"height":488,"url":"https:\/\/ipartabernie.com\/wp-content\/uploads\/2025\/08\/Captura-desde-2025-08-14-09-42-19.png","type":"image\/png"}],"twitter_card":"summary_large_image","twitter_misc":{"Est. reading time":"1 minutua"},"schema":{"@context":"https:\/\/schema.org","@graph":[{"@type":"WebPage","@id":"https:\/\/ipartabernie.com\/","url":"https:\/\/ipartabernie.com\/","name":"Inicio - Ipar Tabernie","isPartOf":{"@id":"https:\/\/ipartabernie.com\/#website"},"primaryImageOfPage":{"@id":"https:\/\/ipartabernie.com\/#primaryimage"},"image":{"@id":"https:\/\/ipartabernie.com\/#primaryimage"},"thumbnailUrl":"https:\/\/ipartabernie.com\/wp-content\/uploads\/2025\/08\/Captura-desde-2025-08-14-09-42-19.png","datePublished":"2025-08-13T14:31:17+00:00","dateModified":"2025-10-10T08:42:08+00:00","breadcrumb":{"@id":"https:\/\/ipartabernie.com\/#breadcrumb"},"inLanguage":"eu","potentialAction":[{"@type":"ReadAction","target":["https:\/\/ipartabernie.com\/"]}]},{"@type":"ImageObject","inLanguage":"eu","@id":"https:\/\/ipartabernie.com\/#primaryimage","url":"https:\/\/ipartabernie.com\/wp-content\/uploads\/2025\/08\/Captura-desde-2025-08-14-09-42-19.png","contentUrl":"https:\/\/ipartabernie.com\/wp-content\/uploads\/2025\/08\/Captura-desde-2025-08-14-09-42-19.png"},{"@type":"BreadcrumbList","@id":"https:\/\/ipartabernie.com\/#breadcrumb","itemListElement":[{"@type":"ListItem","position":1,"name":"Portada","item":"https:\/\/ipartabernie.com\/"},{"@type":"ListItem","position":2,"name":"Inicio"}]},{"@type":"WebSite","@id":"https:\/\/ipartabernie.com\/#website","url":"https:\/\/ipartabernie.com\/","name":"Ipar Tabernie","description":"Una gama diversa de bebidas y de comidas","publisher":{"@id":"https:\/\/ipartabernie.com\/#organization"},"potentialAction":[{"@type":"SearchAction","target":{"@type":"EntryPoint","urlTemplate":"https:\/\/ipartabernie.com\/?s={search_term_string}"},"query-input":{"@type":"PropertyValueSpecification","valueRequired":true,"valueName":"search_term_string"}}],"inLanguage":"eu"},{"@type":"Organization","@id":"https:\/\/ipartabernie.com\/#organization","name":"Ipar Tabernie","url":"https:\/\/ipartabernie.com\/","logo":{"@type":"ImageObject","inLanguage":"eu","@id":"https:\/\/ipartabernie.com\/#\/schema\/logo\/image\/","url":"https:\/\/ipartabernie.com\/wp-content\/uploads\/2025\/08\/cropped-Logo-Final-02-scaled-1.png","contentUrl":"https:\/\/ipartabernie.com\/wp-content\/uploads\/2025\/08\/cropped-Logo-Final-02-scaled-1.png","width":2558,"height":1401,"caption":"Ipar Tabernie"},"image":{"@id":"https:\/\/ipartabernie.com\/#\/schema\/logo\/image\/"}}]}},"_links":{"self":[{"href":"https:\/\/ipartabernie.com\/eu\/wp-json\/wp\/v2\/pages\/18","targetHints":{"allow":["GET"]}}],"collection":[{"href":"https:\/\/ipartabernie.com\/eu\/wp-json\/wp\/v2\/pages"}],"about":[{"href":"https:\/\/ipartabernie.com\/eu\/wp-json\/wp\/v2\/types\/page"}],"author":[{"embeddable":true,"href":"https:\/\/ipartabernie.com\/eu\/wp-json\/wp\/v2\/users\/1"}],"replies":[{"embeddable":true,"href":"https:\/\/ipartabernie.com\/eu\/wp-json\/wp\/v2\/comments?post=18"}],"version-history":[{"count":79,"href":"https:\/\/ipartabernie.com\/eu\/wp-json\/wp\/v2\/pages\/18\/revisions"}],"predecessor-version":[{"id":424,"href":"https:\/\/ipartabernie.com\/eu\/wp-json\/wp\/v2\/pages\/18\/revisions\/424"}],"wp:attachment":[{"href":"https:\/\/ipartabernie.com\/eu\/wp-json\/wp\/v2\/media?parent=18"}],"curies":[{"name":"wp","href":"https:\/\/api.w.org\/{rel}","templated":true}]}}